{"id":4521,"date":"2025-08-12T10:01:24","date_gmt":"2025-08-12T10:01:24","guid":{"rendered":"https:\/\/www.ziolowasowa.pl\/?page_id=4521"},"modified":"2025-11-29T10:13:48","modified_gmt":"2025-11-29T10:13:48","slug":"tradycyjna-medycyna-chinska","status":"publish","type":"page","link":"https:\/\/www.ziolowasowa.pl\/index.php\/tradycyjna-medycyna-chinska\/","title":{"rendered":"TRADYCYJNA MEDYCYNA CHI\u0143SKA"},"content":{"rendered":"<style>\nul li > span:first-child {\n  flex: 0 0 auto;          \/* k\u00f3\u0142ko nie rozci\u0105ga si\u0119 *\/\n  display: inline-block;   \/* zachowuje si\u0119 jak element graficzny *\/\n}\n  \/* Je\u015bli chc\u0119 globalnie, musz\u0119 umie\u015bci\u0107 to w Dodatkowym CSS *\/\n  .sunrider-img {\n    border-radius: 8px;\n    max-width: 400px;\n    margin-bottom: 15px;\n  }\n  @media only screen and (max-width:600px) {\n    .sunrider-figure {\n      float: none !important;\n      display: block;\n      margin-left: auto;\n      margin-right: auto;\n    }\n  }\n<\/style>\n<p><!-- 1. Zdj\u0119cie z lewej --><\/p>\n<figure class=\"sunrider-figure alignleft\" style=\"margin:0 20px 2px 0;\">\n  <img decoding=\"async\" class=\"sunrider-img\" \n       src=\"https:\/\/www.ziolowasowa.pl\/wp-content\/uploads\/2025\/10\/od-przyczyn-chorob-do-sciezki-zdrowia-jak-pomaga-tradycyjna-medycyna-chinska-305x458-1.png\" \n       alt=\"Symbol Tao utworzony z mchu i odbicia drzew \u2013 r\u00f3wnowaga natury i cz\u0142owieka w tradycyjnej medycynie chi\u0144skiej\" \n       width=\"305\" height=\"305\" loading=\"lazy\" \/><figcaption style=\"position:absolute; left:-9999px; top:auto; width:1px; height:1px; overflow:hidden;\">\n  Symbol Tao \u2013 harmonia natury i cz\u0142owieka w tradycyjnej medycynie chi\u0144skiej<br \/>\n<\/figcaption><\/figure>\n<p style=\"font-size:0.9em;\">\n  <strong>Emma Sowa<\/strong>&nbsp;&nbsp;&nbsp;12 sierpnia, 2025\n<\/p>\n<h2>Od przyczyn chor\u00f3b do \u015bcie\u017cki zdrowia \u2013 jak pomaga tradycyjna medycyna chi\u0144ska<\/h2>\n<p>Tradycyjna chi\u0144ska medycyna to jedna z najstarszych metod dbania o zdrowie. Jej podstaw\u0105 jest przekonanie, \u017ce pe\u0142na regeneracja organizmu mo\u017cliwa jest jedynie poprzez osi\u0105gni\u0119cie wewn\u0119trznej r\u00f3wnowagi, gdy wszystkie jego systemy i organy wsp\u00f3\u0142pracuj\u0105 harmonijnie. Kluczowe zasady tej medycyny obejmuj\u0105:<\/p>\n<h3 style=\"margin-top: 40px;\">Energia \u017cyciowa Chi<\/h3>\n<p>Chi to fundamentalna si\u0142a \u017cyciowa, zawarta w ka\u017cdym organie i systemie cia\u0142a, odzwierciedlaj\u0105ca nasz pe\u0142ny potencja\u0142. Zdrowie zale\u017cy od swobodnego przep\u0142ywu Chi mi\u0119dzy organami \u2013 ich r\u00f3wnowaga zapewnia harmonijny stan energetyczny organizmu. Je\u015bli jeden organ traci energi\u0119, zak\u0142\u00f3ca to ca\u0142y system, prowadz\u0105c do dalszej degeneracji.<\/p>\n<p>Organizm pozyskuje Chi z trzech g\u0142\u00f3wnych \u017ar\u00f3de\u0142: powietrza, po\u017cywienia (kt\u00f3re s\u0105 odnawialne) oraz tzw. zapasu przed urodzeniowego \u2013 energii otrzymanej od rodzic\u00f3w przy pocz\u0119ciu (kt\u00f3ry jest nieodnawialny). Chi\u0144czycy przez tysi\u0105clecia doskonalili sposoby wzmacniania i odblokowywania przep\u0142ywu Chi w kana\u0142ach energetycznych, d\u0105\u017c\u0105c do harmonii mi\u0119dzy si\u0142ami Yin i Yang. Wzmocnienie Chi wspiera regeneracj\u0119 organizmu i umo\u017cliwia mu samodzielne odzyskanie zdrowia.<\/p>\n<h3 style=\"margin-top: 50px;\">Harmonia Yin i Yang.<\/h3>\n<p>W tradycyjnej medycynie chi\u0144skiej zdrowie zale\u017cy od zachowania r\u00f3wnowagi mi\u0119dzy dwiema przeciwstawnymi si\u0142ami \u2013 Yin i Yang, kt\u00f3re reguluj\u0105 funkcjonowanie poszczeg\u00f3lnych organ\u00f3w.<\/p>\n<p>Yin symbolizuje pierwiastek \u017ce\u0144ski, spok\u00f3j i ch\u0142\u00f3d. Jest zwi\u0105zane z organami wewn\u0119trznymi, odpowiadaj\u0105cymi za gromadzenie energii i utrzymanie stabilno\u015bci organizmu. Energia Yin przechowuje si\u0119 w postaci p\u0142yn\u00f3w ustrojowych. Do organ\u00f3w Yin nale\u017c\u0105: w\u0105troba, serce, \u015bledziona, jelito grube, nerki, trzustka oraz uk\u0142ad kr\u0105\u017cenia i funkcje seksualne.<\/p>\n<p>Yang to pierwiastek m\u0119ski, symbolizuj\u0105cy ciep\u0142o i ruch. Odpowiada za przekszta\u0142canie materii oraz procesy trawienia, asymilacji i wydalania. Organy Yang s\u0105 bardziej aktywne i dynamiczne \u2013 pobieraj\u0105 energi\u0119 z po\u017cywienia i powietrza, a nast\u0119pnie przekazuj\u0105 j\u0105 organom Yin.<\/p>\n<p>Zachowanie balansu mi\u0119dzy Yin i Yang jest kluczowe dla zdrowia i prawid\u0142owego funkcjonowania organizmu.<\/p>\n<p><!-- 2. Zdj\u0119cie z prawej --><\/p>\n<div style=\"margin-top: 100px !important; clear: both;\">\n<figure class=\"sunrider-figure alignright\" style=\"margin:0 0 15px 20px;\">\n  <img decoding=\"async\" class=\"sunrider-img\" \n       src=\"https:\/\/www.ziolowasowa.pl\/wp-content\/uploads\/2025\/10\/podzial-organow-wedlug-yin-i-yang-360x360-1.png\" \n       alt=\"Schemat podzia\u0142u organ\u00f3w wed\u0142ug Yin i Yang w tradycyjnej medycynie chi\u0144skiej \u2013 harmonia organ\u00f3w i energii\" \n       width=\"360\" height=\"305\" loading=\"lazy\" \/><figcaption style=\"position:absolute; left:-9999px; top:auto; width:1px; height:1px; overflow:hidden;\">\nPodzia\u0142 organ\u00f3w Yin i Yang \u2013 r\u00f3wnowaga energii w organizmie wed\u0142ug medycyny chi\u0144skiej<\/figcaption><\/figure>\n<h2>Podzia\u0142 organ\u00f3w wed\u0142ug Yin i Yang<\/h2>\n<p>W tradycyjnej medycynie chi\u0144skiej organy Yang obejmuj\u0105 p\u0119cherzyk \u017c\u00f3\u0142ciowy, jelito cienkie, funkcj\u0119 \u201epotr\u00f3jnego ogrzewacza\u201d, \u017co\u0142\u0105dek, p\u0142uca i nerki. Chi\u0144czycy klasyfikuj\u0105 dwana\u015bcie g\u0142\u00f3wnych narz\u0105d\u00f3w (dziesi\u0119\u0107 organ\u00f3w i dwie funkcje) w pary, w kt\u00f3rych jeden nale\u017cy do grupy Yin, a drugi do Yang. Te powi\u0105zania tworz\u0105 harmonijny system wsp\u00f3\u0142dzia\u0142ania organizmu:<\/p>\n<ul style=\"list-style: none; padding-left: 0; margin: 0;\">\n<li style=\"display: flex; align-items: center; margin-bottom: 6px;\">\n    <span style=\"width: 14px; height: 14px; background: radial-gradient(circle at 30% 30%, #a8d5b5, #90c695); border-radius: 50%; margin-right: 8px; box-shadow: 0 1px 3px rgba(0,0,0,0.3);\"><\/span><br \/>\n    <span><strong>DREWNO:<\/strong> w\u0105troba i p\u0119cherzyk \u017c\u00f3\u0142ciowy<\/span>\n  <\/li>\n<li style=\"display: flex; align-items: center; margin-bottom: 6px;\">\n    <span style=\"width: 14px; height: 14px; background: radial-gradient(circle at 30% 30%, #f7a89f, #f28b82); border-radius: 50%; margin-right: 8px; box-shadow: 0 1px 3px rgba(0,0,0,0.3);\"><\/span><br \/>\n    <span><strong>OGIE\u0143:<\/strong> serce i jelito cienkie, \u201ekr\u0105\u017cenie \u2013 seks\u201d oraz \u201epotr\u00f3jny ogrzewacz\u201d<\/span>\n  <\/li>\n<li style=\"display: flex; align-items: center; margin-bottom: 6px;\">\n    <span style=\"width: 14px; height: 14px; background: radial-gradient(circle at 30% 30%, #fbe2a4, #f6d365); border-radius: 50%; margin-right: 8px; box-shadow: 0 1px 3px rgba(0,0,0,0.3);\"><\/span><br \/>\n    <span><strong>ZIEMIA:<\/strong> \u015bledziona, trzustka i \u017co\u0142\u0105dek<\/span>\n  <\/li>\n<li style=\"display: flex; align-items: center; margin-bottom: 6px;\">\n    <span style=\"width: 14px; height: 14px; background: radial-gradient(circle at 30% 30%, #e5e5e5, #cfcfcf); border-radius: 50%; margin-right: 8px; box-shadow: 0 1px 3px rgba(0,0,0,0.3);\"><\/span><br \/>\n    <span><strong>METAL:<\/strong> p\u0142uca i jelito grube<\/span>\n  <\/li>\n<li style=\"display: flex; align-items: center; margin-bottom: 6px;\">\n    <span style=\"width: 14px; height: 14px; background: radial-gradient(circle at 30% 30%, #bfd6fd, #a1c4fd); border-radius: 50%; margin-right: 8px; box-shadow: 0 1px 3px rgba(0,0,0,0.3);\"><\/span><br \/>\n    <span><strong>WODA:<\/strong> nerki i p\u0119cherz moczowy<\/span>\n  <\/li>\n<\/ul>\n<p>Zasada r\u00f3wnowagi Yin i Yang znajduje swoje odzwierciedlenie w funkcjonowaniu organizmu \u2013 Yin przekszta\u0142ca si\u0119 w Yang i odwrotnie, zapewniaj\u0105c prawid\u0142owy przep\u0142yw energii. Yin stanowi fundament dla Yang, natomiast Yang jest odbiciem Yin i jego si\u0142\u0105 nap\u0119dow\u0105.<\/p>\n","protected":false},"excerpt":{"rendered":"<p>Symbol Tao \u2013 harmonia natury i cz\u0142owieka w tradycyjnej medycynie chi\u0144skiej Emma Sowa&nbsp;&nbsp;&nbsp;12 sierpnia, 2025 Od przyczyn chor\u00f3b do \u015bcie\u017cki zdrowia \u2013 jak pomaga tradycyjna medycyna chi\u0144ska Tradycyjna chi\u0144ska medycyna to jedna z najstarszych metod dbania o zdrowie. Jej podstaw\u0105 [&hellip;]<\/p>\n","protected":false},"author":1,"featured_media":0,"parent":0,"menu_order":0,"comment_status":"closed","ping_status":"closed","template":"","meta":{"footnotes":""},"class_list":["post-4521","page","type-page","status-publish","hentry"],"_links":{"self":[{"href":"https:\/\/www.ziolowasowa.pl\/index.php\/wp-json\/wp\/v2\/pages\/4521","targetHints":{"allow":["GET"]}}],"collection":[{"href":"https:\/\/www.ziolowasowa.pl\/index.php\/wp-json\/wp\/v2\/pages"}],"about":[{"href":"https:\/\/www.ziolowasowa.pl\/index.php\/wp-json\/wp\/v2\/types\/page"}],"author":[{"embeddable":true,"href":"https:\/\/www.ziolowasowa.pl\/index.php\/wp-json\/wp\/v2\/users\/1"}],"replies":[{"embeddable":true,"href":"https:\/\/www.ziolowasowa.pl\/index.php\/wp-json\/wp\/v2\/comments?post=4521"}],"version-history":[{"count":9,"href":"https:\/\/www.ziolowasowa.pl\/index.php\/wp-json\/wp\/v2\/pages\/4521\/revisions"}],"predecessor-version":[{"id":5992,"href":"https:\/\/www.ziolowasowa.pl\/index.php\/wp-json\/wp\/v2\/pages\/4521\/revisions\/5992"}],"wp:attachment":[{"href":"https:\/\/www.ziolowasowa.pl\/index.php\/wp-json\/wp\/v2\/media?parent=4521"}],"curies":[{"name":"wp","href":"https:\/\/api.w.org\/{rel}","templated":true}]}}