{"id":4579,"date":"2025-08-15T08:52:54","date_gmt":"2025-08-15T08:52:54","guid":{"rendered":"https:\/\/www.ziolowasowa.pl\/?page_id=4579"},"modified":"2025-11-29T10:12:43","modified_gmt":"2025-11-29T10:12:43","slug":"zielarska-skarbnica-chin-rosliny-ktore-wspieraja-zycie","status":"publish","type":"page","link":"https:\/\/www.ziolowasowa.pl\/index.php\/zielarska-skarbnica-chin-rosliny-ktore-wspieraja-zycie\/","title":{"rendered":"Zielarska skarbnica Chin"},"content":{"rendered":"<style>\n  ul {\n  list-style: none;        \/* usuwa domy\u015blne punktor\u00f3w *\/\n  padding: 0;\n  margin: 0;\n}<\/p>\n<p>ul li {\n  display: flex;           \/* ustawia elementy w jednej linii *\/\n  align-items: center;     \/* wy\u015brodkowanie w pionie *\/\n  gap: 8px;                \/* odst\u0119p mi\u0119dzy k\u00f3\u0142kiem a tekstem *\/\n  margin-bottom: 6px;      \/* odst\u0119p mi\u0119dzy liniami *\/\n}<\/p>\n<p>ul li > span:first-child {\n  flex: 0 0 auto;          \/* k\u00f3\u0142ko nie rozci\u0105ga si\u0119 *\/\n  display: inline-block;   \/* zachowuje si\u0119 jak element graficzny *\/\n}<\/p>\n<p>ul li > span:first-child {\n  flex: 0 0 auto;          \/* k\u00f3\u0142ko nie rozci\u0105ga si\u0119 *\/\n  display: inline-block;   \/* zachowuje si\u0119 jak element graficzny *\/\n}\n  \/* Je\u015bli chc\u0119 globalnie, musz\u0119 umie\u015bci\u0107 to w Dodatkowym CSS *\/\n  .sunrider-img {\n    border-radius: 8px;\n    max-width: 700px;\n    margin-bottom: 15px;\n  }\n  @media only screen and (max-width:600px) {\n    .sunrider-figure {\n      float: none !important;\n      display: block;\n      margin-left: auto;\n      margin-right: auto;\n    }\n  }\n<\/style>\n<p><!-- 1. Zdj\u0119cie z lewej --><\/p>\n<figure class=\"sunrider-figure alignleft\" style=\"margin:0 20px 15px 0;\">\n  <img decoding=\"async\" class=\"sunrider-img\" \n       src=\"https:\/\/www.ziolowasowa.pl\/wp-content\/uploads\/2025\/10\/chinski-zielarz-zbiera-ziola-gory-tradycyjna-medycyna370_246.png\" \n       alt=\"\u201eChi\u0144ski zielarz zbieraj\u0105cy zio\u0142a w g\u00f3rskiej dolinie \u2013 tradycyjna medycyna chi\u0144ska i sztuka uzdrawiania natur\u0105\u201d\" \n       width=\"370\" height=\"370\" loading=\"lazy\" \/><figcaption style=\"display:none;\">Chi\u0144ski zielarz zbieraj\u0105cy zio\u0142a w g\u00f3rskiej dolinie \u2013 tradycyjna medycyna chi\u0144ska i sztuka uzdrawiania natur\u0105<\/figcaption><\/figure>\n<p> <strong>Emma Sowa<\/strong>&nbsp;&nbsp;&nbsp;15 sierpnia, 2025\n<\/p>\n<h2>Odkrycia chi\u0144skich zielarzy- wielopokoleniowe poszukiwanie ro\u015blin \u017cycia<\/h2>\n<p>Chi\u0144scy herbali\u015bci s\u0105 mistrzami w precyzyjnym dobieraniu sk\u0142adnik\u00f3w od\u017cywczych dla poszczeg\u00f3lnych uk\u0142ad\u00f3w i narz\u0105d\u00f3w, co umo\u017cliwia przywr\u00f3cenie ich harmonii i zapewnia swobodny przep\u0142yw energii Chi. Uwa\u017caj\u0105 tak\u017ce, \u017ce tylko naturalne, pe\u0142nowarto\u015bciowe po\u017cywienie mo\u017ce przywr\u00f3ci\u0107 r\u00f3wnowag\u0119 organizmu, stanowi\u0105c fundament zar\u00f3wno profilaktyki, jak i leczenia r\u00f3\u017cnorodnych dolegliwo\u015bci.<\/p>\n<p>Odkryli liczne gatunki ro\u015blin, kt\u00f3re wyr\u00f3\u017cniaj\u0105 si\u0119 nie tylko swoim wygl\u0105dem, ale i unikalnymi w\u0142a\u015bciwo\u015bciami. Wielopokoleniowe obserwacje oraz eksperymentalne badania pozwoli\u0142y im precyzyjnie okre\u015bli\u0107, kt\u00f3re ro\u015bliny maj\u0105 zdolno\u015b\u0107 do samoregeneracji, a ich specyficzne walory od\u017cywcze wspomagaj\u0105 odbudow\u0119 i optymalizacj\u0119 funkcji organizmu. Zgromadzona wiedza zosta\u0142a starannie udokumentowana, uporz\u0105dkowana i do dzi\u015b wykorzystywana, maj\u0105c na celu przekazanie kolejnym pokoleniom mocy, inteligencji, urody oraz d\u0142ugowieczno\u015bci.<\/p>\n<p>Na przestrzeni wiek\u00f3w, dzi\u0119ki skrupulatnym obserwacjom i eksperymentalnym badaniom, wy\u0142onili szereg ro\u015blin o unikalnych w\u0142a\u015bciwo\u015bciach regeneracyjnych. Ich dzia\u0142anie od\u017cywcze sprzyja regeneracji kom\u00f3rek i optymalizuje funkcjonowanie organizmu. Zdobyta wiedza zosta\u0142a pieczo\u0142owicie zebrana, uporz\u0105dkowana i przekazywana z pokolenia na pokolenie, aby dawa\u0107 kolejnym generacjom si\u0142\u0119, inteligencj\u0119, urod\u0119 oraz d\u0142ugowieczno\u015b\u0107.<\/p>\n<h3 style=\"margin-top: 50px;\">Podej\u015bcie ca\u0142o\u015bciowe<\/h3>\n<h4 style=\"margin-top: 30px;\">Harmonia cia\u0142a, umys\u0142u i energii Chi<\/h4>\n<p>Mieszka\u0144cy \u201ePa\u0144stwa \u015arodka\u201d poczynili wiele istotnych odkry\u0107 w zakresie zdrowia. Pierwszym osi\u0105gni\u0119ciem by\u0142o opracowanie ca\u0142o\u015bciowego podej\u015bcia do zdrowia, opartego na harmonii cia\u0142a, umys\u0142u i energii Chi, kt\u00f3re stanowi\u0142o fundament dalszych bada\u0144 nad w\u0142a\u015bciwo\u015bciami zi\u00f3\u0142.<\/p>\n<p><!-- 2. Zdj\u0119cie z prawej --><\/p>\n<div style=\"margin-top: 100px !important; clear: both;\">\n<figure class=\"sunrider-figure alignright\" style=\"margin:0 0 15px 20px;\">\n  <img decoding=\"async\" class=\"sunrider-img\" \n       src=\"https:\/\/www.ziolowasowa.pl\/wp-content\/uploads\/2025\/10\/klasyfikacja-ziol-250x375-1.png\" \n       alt=\"Ilustracja edukacyjna klasyfikacja zi\u00f3\u0142 wed\u0142ug medycyny chi\u0144skiej\" \n       width=\"250\" height=\"250\" loading=\"lazy\" \/><figcaption style=\"display:none;\">Ilustracja edukacyjna \u2013 klasyfikacja zi\u00f3\u0142 wed\u0142ug medycyny chi\u0144skiej<\/figcaption><\/figure>\n<h3 style=\"margin-top: 50px;\">Klasyfikacja zi\u00f3\u0142<\/h3>\n<h4 style=\"margin-top: 20px;\">Trzy oblicza ro\u015blin \u2013 od trucizny do kr\u00f3lewskiego pokarmu<\/h4>\n<p>System porz\u0105dkuj\u0105cy zio\u0142a wed\u0142ug ich wp\u0142ywu na organizm.<\/p>\n<p>Chi\u0144czycy stworzyli system klasyfikacji r\u00f3\u017cnorodnych zi\u00f3\u0142, oparty na ich d\u0142ugoterminowym wp\u0142ywie na organizm. Zio\u0142a te mo\u017cna podzieli\u0107 na nast\u0119puj\u0105ce kategorie:<\/p>\n<ul style=\"list-style: none; padding-left: 0; margin: 0;\">\n<li style=\"display: flex; align-items: center; margin-bottom: 6px;\">\n    <span style=\"width: 14px; height: 14px; background: radial-gradient(circle at 30% 30%, #f7a89f, #8B3A3A); border-radius: 50%; margin-right: 8px; box-shadow: 0 1px 3px rgba(0,0,0,0.3); flex-shrink: 0; display: inline-block;\"><\/span><br \/>\n    <span><strong>Zio\u0142a truj\u0105ce<\/strong> \u2013 mog\u0105 przynie\u015b\u0107 szybkie korzy\u015bci, ale ich stosowanie wi\u0105\u017ce si\u0119 z du\u017cym ryzykiem. Nawet niewielki b\u0142\u0105d w ich u\u017cyciu mo\u017ce prowadzi\u0107 do powa\u017cnych skutk\u00f3w ubocznych i utraty korzy\u015bci.<\/span>\n  <\/li>\n<li style=\"display: flex; align-items: center; margin-bottom: 6px;\">\n    <span style=\"width: 14px; height: 14px; background: radial-gradient(circle at 30% 30%, #fbe2a4, #D69F3E); border-radius: 50%; margin-right: 8px; box-shadow: 0 1px 3px rgba(0,0,0,0.3); flex-shrink: 0; display: inline-block;\"><\/span><br \/>\n    <span><strong>Zio\u0142a lecznicze<\/strong> \u2013 oferuj\u0105 kr\u00f3tkotrwa\u0142e benefity, jednak stosowane przez d\u0142u\u017cszy czas mog\u0105 wywo\u0142ywa\u0107 niepo\u017c\u0105dane reakcje. Zio\u0142a tego typu s\u0105 wykorzystywane w nowoczesnej medycynie.<\/span>\n  <\/li>\n<li style=\"display: flex; align-items: center; margin-bottom: 6px;\">\n    <span style=\"width: 14px; height: 14px; background: radial-gradient(circle at 30% 30%, #b9e6c8, #5fa373); border-radius: 50%; margin-right: 8px; box-shadow: inset 0 1px 2px rgba(255,255,255,0.6), 0 1px 3px rgba(0,0,0,0.3); flex-shrink: 0; display: inline-block;\"><\/span><br \/>\n    <span><strong>Zio\u0142a jadalne<\/strong> \u2013 zapewniaj\u0105 liczne, og\u00f3lne korzy\u015bci i s\u0105 praktycznie bezpieczne w u\u017cytkowaniu, nie nios\u0105c ryzyka skutk\u00f3w ubocznych. W staro\u017cytnych Chinach by\u0142y nazywane \u201ekr\u00f3lewskimi\u201d, w przeciwie\u0144stwie do zi\u00f3\u0142 truj\u0105cych i leczniczych, kt\u00f3re okre\u015blano jako &#8222;pomocnicze&#8221; i &#8222;ministerialne&#8221;, gdy\u017c pe\u0142ni\u0142y jedynie rol\u0119 uzupe\u0142niaj\u0105c\u0105.<\/span>\n  <\/li>\n<\/ul>\n<h3 style=\"margin-top: 50px;\"> Systematyzacja zi\u00f3\u0142 jadalnych<\/h3>\n<p><strong>Zio\u0142a w s\u0142u\u017cbie uk\u0142ad\u00f3w organizmu<\/strong><\/p>\n<p>Podzia\u0142 ro\u015blin wed\u0142ug tego, kt\u00f3re systemy cia\u0142a wspieraj\u0105.<\/p>\n<p>Drugim istotnym osi\u0105gni\u0119ciem Chi\u0144czyk\u00f3w by\u0142a systematyzacja zi\u00f3\u0142 jadalnych wed\u0142ug ich wp\u0142ywu na r\u00f3\u017cne uk\u0142ady organizmu. Niekt\u00f3re z nich sprzyjaj\u0105 uk\u0142adowi trawiennemu, inne wspieraj\u0105 system immunologiczny, i tak dalej.<\/p>\n<p><!-- 3. Zdj\u0119cie z lewej --><\/p>\n<div style=\"margin-top: 100px !important; clear: both;\">\n<figure class=\"sunrider-figure alignleft\" style=\"margin:0 20px 15px 0;\">\n  <img decoding=\"async\" class=\"sunrider-img\" \n       src=\"https:\/\/www.ziolowasowa.pl\/wp-content\/uploads\/2025\/10\/sztuka-laczenia-ziol-370x247-1.png\" \n       alt=\"Ilustracja edukacyjna - sztuka \u0142\u0105czenia zi\u00f3\u0142 \u2013 komplementarne po\u0142\u0105czenie ro\u015blin dla synergicznego dzia\u0142ania\" \n      width=\"370\" height=\"370\" loading=\"lazy\" \/><figcaption style=\"display:none;\">Sztuka \u0142\u0105czenia zi\u00f3\u0142 \u2013 komplementarne po\u0142\u0105czenie ro\u015blin dla synergicznego dzia\u0142ania<\/figcaption><\/figure>\n<h4 style=\"margin-top: 50px;\">Sztuka \u0142\u0105czenia zi\u00f3\u0142<\/h4>\n<p><strong>Si\u0142a synergii \u2013 kiedy ca\u0142o\u015b\u0107 jest wi\u0119ksza ni\u017c suma cz\u0119\u015bci<\/strong><\/p>\n<p>Jak odpowiednie po\u0142\u0105czenie ro\u015blin wzmacnia ich dzia\u0142anie i zwi\u0119ksza skuteczno\u015b\u0107.<\/p>\n<p>Trzeci\u0105 znacz\u0105c\u0105 innowacj\u0105 by\u0142o odkrycie, \u017ce dzia\u0142anie pojedynczych zi\u00f3\u0142 mo\u017cna wzmocni\u0107 poprzez odpowiednie ich \u0142\u0105czenie. Dzi\u0119ki zastosowaniu zaawansowanych proces\u00f3w ekstrakcyjnych, stworzono wyspecjalizowane, skoncentrowane mieszanki zio\u0142owe, kt\u00f3re charakteryzuj\u0105 si\u0119 wysok\u0105 skuteczno\u015bci\u0105 oraz minimalnym ryzykiem skutk\u00f3w ubocznych. Ponadto, s\u0105 one \u0142atwo przyswajalne przez organizm i szybko docieraj\u0105 do w\u0142a\u015bciwych uk\u0142ad\u00f3w i narz\u0105d\u00f3w.<\/p>\n<h2 style=\"margin-top: 70px;\">Meridiany<\/h2>\n<p><strong>Mapy energii \u2013 po\u0142udniki cia\u0142a wed\u0142ug medycyny chi\u0144skiej<\/strong><\/p>\n<p>Czwartym prze\u0142omowym krokiem naprz\u00f3d medycyny chi\u0144skiej by\u0142o zrozumienie i opisanie tzw. kana\u0142\u00f3w energetycznych, czyli po\u0142udnik\u00f3w lub meridian\u00f3w. Energia przep\u0142ywa w organizmie za pomoc\u0105 tych meridian\u00f3w, kt\u00f3re s\u0105 powi\u0105zane z r\u00f3\u017cnymi narz\u0105dami i funkcjami, a ich precyzyjna wiedza umo\u017cliwia okre\u015blenie, kt\u00f3ry narz\u0105d b\u0119dzie oddzia\u0142ywany przez dan\u0105 mieszank\u0119 zio\u0142ow\u0105 oraz jak energia b\u0119dzie przez nie transportowana.<\/p>\n<p><!-- 4. Zdj\u0119cie z prawej --><\/p>\n<div style=\"margin-top: 100px !important; clear: both;\">\n<figure class=\"sunrider-figure alignright\" style=\"margin:0 0 15px 20px;\">\n  <img decoding=\"async\" class=\"sunrider-img\" \n       src=\"https:\/\/www.ziolowasowa.pl\/wp-content\/uploads\/2025\/10\/postawa-i-zdrowie-300x300-1.png\" \n       alt=\"Ilustracja edukacyjna - cia\u0142o, umys\u0142 i energia w harmonii\" \n       width=\"300\" height=\"300\" loading=\"lazy\" \/><figcaption style=\"display:none;\">Cia\u0142o, umys\u0142 i energia w harmonii \u2013 ilustracja edukacyjna<\/figcaption><\/figure>\n<h2 style=\"margin-top: 70px;\">Postawa i zdrowie<\/h2>\n<p><strong>Si\u0142a w nastawieniu \u2013 jak umys\u0142 wspiera cia\u0142o<\/strong><\/p>\n<p>Chi\u0144czycy wierz\u0105, \u017ce zdrowie jest \u015bci\u015ble zwi\u0105zane z nasz\u0105 aktywn\u0105 postaw\u0105. Uczucie bezradno\u015bci i brak kontroli nad sytuacj\u0105 prowadzi do wzrostu poziomu kortyzolu, co z kolei mo\u017ce zwi\u0119ksza\u0107 podatno\u015b\u0107 na choroby i obni\u017ca\u0107 zdolno\u015bci adaptacyjne organizmu. Przeciwnie, aktywne i pozytywne nastawienie wspiera zdrowie oraz mo\u017cliwo\u015bci adaptacyjne. Aby dba\u0107 o zdrowie cia\u0142a i umys\u0142u, wa\u017cne jest aktywne anga\u017cowanie si\u0119 w proces w\u0142asnego leczenia, poniewa\u017c sami najlepiej znamy potrzeby naszego organizmu oraz efekty stosowanych zi\u00f3\u0142, co u\u0142atwia oszacowanie ich zapotrzebowania.<\/p>\n","protected":false},"excerpt":{"rendered":"<p>Chi\u0144ski zielarz zbieraj\u0105cy zio\u0142a w g\u00f3rskiej dolinie \u2013 tradycyjna medycyna chi\u0144ska i sztuka uzdrawiania natur\u0105 Emma Sowa&nbsp;&nbsp;&nbsp;15 sierpnia, 2025 Odkrycia chi\u0144skich zielarzy- wielopokoleniowe poszukiwanie ro\u015blin \u017cycia Chi\u0144scy herbali\u015bci s\u0105 mistrzami w precyzyjnym dobieraniu sk\u0142adnik\u00f3w od\u017cywczych dla poszczeg\u00f3lnych uk\u0142ad\u00f3w i narz\u0105d\u00f3w, [&hellip;]<\/p>\n","protected":false},"author":1,"featured_media":0,"parent":0,"menu_order":0,"comment_status":"closed","ping_status":"closed","template":"","meta":{"footnotes":""},"class_list":["post-4579","page","type-page","status-publish","hentry"],"_links":{"self":[{"href":"https:\/\/www.ziolowasowa.pl\/index.php\/wp-json\/wp\/v2\/pages\/4579","targetHints":{"allow":["GET"]}}],"collection":[{"href":"https:\/\/www.ziolowasowa.pl\/index.php\/wp-json\/wp\/v2\/pages"}],"about":[{"href":"https:\/\/www.ziolowasowa.pl\/index.php\/wp-json\/wp\/v2\/types\/page"}],"author":[{"embeddable":true,"href":"https:\/\/www.ziolowasowa.pl\/index.php\/wp-json\/wp\/v2\/users\/1"}],"replies":[{"embeddable":true,"href":"https:\/\/www.ziolowasowa.pl\/index.php\/wp-json\/wp\/v2\/comments?post=4579"}],"version-history":[{"count":14,"href":"https:\/\/www.ziolowasowa.pl\/index.php\/wp-json\/wp\/v2\/pages\/4579\/revisions"}],"predecessor-version":[{"id":5991,"href":"https:\/\/www.ziolowasowa.pl\/index.php\/wp-json\/wp\/v2\/pages\/4579\/revisions\/5991"}],"wp:attachment":[{"href":"https:\/\/www.ziolowasowa.pl\/index.php\/wp-json\/wp\/v2\/media?parent=4579"}],"curies":[{"name":"wp","href":"https:\/\/api.w.org\/{rel}","templated":true}]}}