{"id":5943,"date":"2025-11-24T18:50:23","date_gmt":"2025-11-24T18:50:23","guid":{"rendered":"https:\/\/www.ziolowasowa.pl\/?page_id=5943"},"modified":"2025-12-12T11:08:08","modified_gmt":"2025-12-12T11:08:08","slug":"o-mnie","status":"publish","type":"page","link":"https:\/\/www.ziolowasowa.pl\/index.php\/o-mnie\/","title":{"rendered":"O mnie"},"content":{"rendered":"<style>\nul li > span:first-child {\n  flex: 0 0 auto;          \/* k\u00f3\u0142ko nie rozci\u0105ga si\u0119 *\/\n  display: inline-block;   \/* zachowuje si\u0119 jak element graficzny *\/\n}\n  \/* Je\u015bli chc\u0119 globalnie, musz\u0119 umie\u015bci\u0107 to w Dodatkowym CSS *\/\n  .sunrider-img {\n    border-radius: 8px;\n    max-width: 600px;\n    margin-bottom: 15px;\n  }\n  @media only screen and (max-width:600px) {\n    .sunrider-figure {\n      float: none !important;\n      display: block;\n      margin-left: auto;\n      margin-right: auto;\n    }\n  }\n<\/style>\n<p><!-- 1. Zdj\u0119cie z lewej --><\/p>\n<figure class=\"sunrider-figure alignleft\" style=\"margin:0 25px 3px 0;\">\n  <img decoding=\"async\" class=\"sunrider-img\" \n       src=\"https:\/\/www.ziolowasowa.pl\/wp-content\/uploads\/2025\/12\/zdjecie_autorki_ziolowej_sowy1.png\" \n       alt=\"zdj\u0119cie autorki zio\u0142owej sowy\" \n       width=\"455\" height=\"455\" loading=\"lazy\" \/><br \/>\n<\/figure>\n<h2>Kim jestem<\/h2>\n<p>Nazywam si\u0119 Ewa \u0141upicka za\u0142o\u017cycielka projektu Zio\u0142owa Sowa \u2014 przestrzeni dla tych, kt\u00f3rzy lubi\u0105 patrze\u0107 g\u0142\u0119biej.<\/p>\n<p><!-- Je\u015bli masz zdj\u0119cie, wstaw tutaj --><br \/>\n<!-- <img decoding=\"async\" src=\"twoje-zdjecie.jpg\" alt=\"Ewa \u0141upicka \u2013 Zio\u0142owa Sowa\" \/> --><\/p>\n<p>Nie mam tytu\u0142u naukowego, ale za to \u017cyciowy doktorat z ciekawo\u015bci i uporu \u2014 ju\u017c tak.<br \/>\nTo dzi\u0119ki temu nie przestaj\u0119 pyta\u0107, dr\u0105\u017cy\u0107 i odkrywa\u0107, co naprawd\u0119 kryje si\u0119 pod powierzchni\u0105 rzeczy. Uwa\u017cam, \u017ce otwarty umys\u0142 to podstawa ka\u017cdego odkrycia.<br \/>\nOd lat zg\u0142\u0119biam zjawiska na styku natury, cz\u0142owieka, energii i \u015bwiadomo\u015bci. Szukam tego, co \u0142\u0105czy \u2014 nie tego, co dzieli.<br \/>\nMoim zdaniem technologia i natura mog\u0105, a nawet powinny dzia\u0142a\u0107 razem \u2014 dla zdrowia, r\u00f3wnowagi i dobrego \u017cycia.<\/p>\n<h2 style=\"margin-top: 70px;\"> Moja droga i filozofia<\/h2>\n<p>\u015awiat nieustannie mnie zaskakuje \u2014 zawsze, gdy wydaje mi si\u0119, \u017ce co\u015b ju\u017c rozumiem, pojawia si\u0119 nowa zagadka, gotowa do odkrycia, pod warunkiem, \u017ce niczego z g\u00f3ry nie za\u0142o\u017c\u0119.<\/p>\n<p>\u0141\u0105cz\u0119 wnikliwo\u015b\u0107 i do\u015bwiadczenie z m\u0105dro\u015bci\u0105 medycyny naturalnej, energii i cia\u0142a. Fascynuje mnie to, jak subtelne procesy \u2013 zar\u00f3wno biologiczne, jak i emocjonalne \u2013 splataj\u0105 si\u0119 w jedn\u0105 ca\u0142o\u015b\u0107.<\/p>\n<p>W m\u0142odo\u015bci zamieszka\u0142am niemal sama w Bieszczadach. Moimi towarzyszami by\u0142y dwa koty, kt\u00f3re ogrzewa\u0142y mnie w noce, gdy woda w czajniku zamarza\u0142a. G\u00f3ry nauczy\u0142y mnie pokory, uporu i tego, \u017ce prawda nigdy nie ma jednego oblicza.<\/p>\n<p><!--  \n\n<h3 style=\"margin-top: 70px;\">Szkolenia, nauczyciele i praktyki, kt\u00f3re mnie ukszta\u0142towa\u0142y<\/h3>\n\n\n\n\n<p>Przez lata poszukiwa\u0142am r\u00f3\u017cnych \u015bcie\u017cek \u2014 racjonalnych i duchowych \u2014 by zrozumie\u0107, jak cz\u0142owiek wraca do r\u00f3wnowagi po trudno\u015bciach, zar\u00f3wno fizycznych, jak i emocjonalnych. Uczy\u0142am si\u0119 od wielu nauczycieli i praktyk\u00f3w pracy z cia\u0142em i \u015bwiadomo\u015bci\u0105. \n\nUko\u0144czy\u0142am wszystkie etapy szkole\u0144 Colina Sissona (\u201eSteps\u201d i cykle \u201eCieni\u201d), roczn\u0105 Szko\u0142\u0119 Coacha Oddechu u Kamili Jankowskiej i Grzegorza Paw\u0142owskiego, uczestniczy\u0142am w rocznym procesie Heartbeat u Joanny Husakowskiej. Mam r\u00f3wnie\u017c II stopnie Reiki, uko\u0144czy\u0142am kurs AOL, trzy poziomy MER oraz warsztaty Lowenowskie u Marzeny Barszcz. Nie szukam jednej metody \u2014 szukam zrozumienia, kt\u00f3re je \u0142\u0105czy.<\/p>\n\n    --><\/p>\n<p><!-- 2. Zdj\u0119cie z prawej --><\/p>\n<figure class=\"sunrider-figure alignright\" style=\"margin:80px 0 0 20px;\">\n<img class=\"sunrider-img\" \nsrc=\"https:\/\/www.ziolowasowa.pl\/wp-content\/uploads\/2025\/12\/ziolowa_sowa_o_mnie1.png\" \n       alt=\"Zdj\u0119cie prezentacyjne stron\u0119 Zio\u0142owa Sowa\" \n       width=\"520\" height=\"520\" loading=\"lazy\" \/><br \/>\n<\/figure>\n<h3 style=\"margin-top: 70px;\">Szkolenia, nauczyciele i praktyki, kt\u00f3re mnie ukszta\u0142towa\u0142y<\/h3>\n<p>Przez lata poszukiwa\u0142am r\u00f3\u017cnych \u015bcie\u017cek \u2014 racjonalnych i duchowych \u2014 by zrozumie\u0107, jak cz\u0142owiek wraca do r\u00f3wnowagi po trudno\u015bciach, zar\u00f3wno fizycznych, jak i emocjonalnych. Uczy\u0142am si\u0119 od wielu nauczycieli i praktyk\u00f3w pracy z cia\u0142em i \u015bwiadomo\u015bci\u0105.<\/p>\n<p>Nie szukam jednej metody \u2014 szukam zrozumienia, kt\u00f3re je \u0142\u0105czy.<\/p>\n<ul style=\"list-style: none; padding-left: 0; margin: 0;\">\n<li style=\"display: flex; align-items: center; margin-bottom: 6px;\">\n    <span style=\"width: 14px; height: 14px; background: radial-gradient(circle at 30% 30%, #A8B4A0, #949C93); border-radius: 50%; margin-right: 8px; box-shadow: 0 1px 3px rgba(0,0,0,0.3);\"><\/span><br \/>\n    <span>Uko\u0144czy\u0142am wszystkie etapy szkole\u0144 Colina Sissona (\u201eSteps\u201d i cykle \u201eCieni\u201d),<\/span>\n  <\/li>\n<li style=\"display: flex; align-items: center; margin-bottom: 6px;\">\n    <span style=\"width: 14px; height: 14px; background: radial-gradient(circle at 30% 30%, #A8B4A0, #949C93); border-radius: 50%; margin-right: 8px; box-shadow: 0 1px 3px rgba(0,0,0,0.3);\"><\/span><br \/>\n    <span>Roczn\u0105 Szko\u0142\u0119 Coacha Oddechu u Kamili Jankowskiej i Grzegorza Paw\u0142owskiego,<\/span>\n  <\/li>\n<li style=\"display: flex; align-items: center; margin-bottom: 6px;\">\n    <span style=\"width: 14px; height: 14px; background: radial-gradient(circle at 30% 30%, #A8B4A0, #949C93); border-radius: 50%; margin-right: 8px; box-shadow: 0 1px 3px rgba(0,0,0,0.3);\"><\/span><br \/>\n    <span>Uczestniczy\u0142am w rocznym procesie Heartbeat u Joanny Husakowskiej,<\/span>\n  <\/li>\n<\/ul>\n<p>Mam r\u00f3wnie\u017c:<\/p>\n<ul style=\"list-style: none; padding-left: 0; margin: 0;\">\n<li style=\"display: flex; align-items: center; margin-bottom: 6px;\">\n    <span style=\"width: 14px; height: 14px; background: radial-gradient(circle at 30% 30%, #A8B4A0, #949C93); border-radius: 50%; margin-right: 8px; box-shadow: 0 1px 3px rgba(0,0,0,0.3);\"><\/span><br \/>\n    <span>II stopnie Reiki,<\/span>\n  <\/li>\n<li style=\"display: flex; align-items: center; margin-bottom: 6px;\">\n    <span style=\"width: 14px; height: 14px; background: radial-gradient(circle at 30% 30%, #A8B4A0, #949C93); border-radius: 50%; margin-right: 8px; box-shadow: 0 1px 3px rgba(0,0,0,0.3);\"><\/span><br \/>\n    <span>Uko\u0144czy\u0142am kurs AOL,<br \/>\n<\/span>\n  <\/li>\n<li style=\"display: flex; align-items: center; margin-bottom: 6px;\">\n    <span style=\"width: 14px; height: 14px; background: radial-gradient(circle at 30% 30%, #A8B4A0, #949C93); border-radius: 50%; margin-right: 8px; box-shadow: 0 1px 3px rgba(0,0,0,0.3);\"><\/span><br \/>\n    <span>Trzy poziomy MER,<br \/>\n<\/span>\n  <\/li>\n<li style=\"display: flex; align-items: center; margin-bottom: 6px;\">\n    <span style=\"width: 14px; height: 14px; background: radial-gradient(circle at 30% 30%, #A8B4A0, #949C93); border-radius: 50%; margin-right: 8px; box-shadow: 0 1px 3px rgba(0,0,0,0.3);\"><\/span><br \/>\n    <span>Warsztaty Lowenowskie u Marzeny Barszcz.<br \/>\n<\/span>\n  <\/li>\n<\/ul>\n<h2 style=\"margin-top: 70px;\">Wizja na przysz\u0142o\u015b\u0107<\/h2>\n<h3>O\u015brodek szkoleniowy i przestrze\u0144 warto\u015bci<\/h3>\n<p>Na przysz\u0142o\u015b\u0107 mam te\u017c pewne marzenie \u2014 stworzy\u0107 o\u015brodek szkoleniowy, w kt\u00f3rym spotkaj\u0105 si\u0119 ludzie, idee, warsztaty i produkty naprawd\u0119 warto\u015bciowe. Miejsce, gdzie b\u0119dzie mo\u017cna uczy\u0107 si\u0119, rozwija\u0107 i czerpa\u0107 z wiedzy tych, kt\u00f3rzy odkrywaj\u0105 \u015bwiat z otwartym umys\u0142em i sercem.<\/p>\n<h3 style=\"margin-top: 70px;\"> Zio\u0142owa Sowa dzi\u015b i jutro<\/h3>\n<p>Na ten moment Zio\u0142owa Sowa jest przestrzeni\u0105, w kt\u00f3rej zbieram swoje do\u015bwiadczenia i przemy\u015blenia \u2014 ale z czasem stanie si\u0119 tak\u017ce miejscem polece\u0144: ludzi, warsztat\u00f3w, ksi\u0105\u017cek i produkt\u00f3w, kt\u00f3re naprawd\u0119 nios\u0105 warto\u015b\u0107. Nie dlatego, \u017ce s\u0105 modne, lecz dlatego, \u017ce pomagaj\u0105 wraca\u0107 do r\u00f3wnowagi, zdrowia i autentyczno\u015bci.<br \/>\nPrzesz\u0142am ju\u017c d\u0142ug\u0105 drog\u0119 i wci\u0105\u017c ni\u0105 id\u0119. Je\u015bli mog\u0119 komu\u015b pom\u00f3c skr\u00f3ci\u0107 t\u0119 w\u0142asn\u0105 \u2014 cho\u0107by o kilka zakr\u0119t\u00f3w \u2014 to w\u0142a\u015bnie w tym widz\u0119 sens Zio\u0142owej Sowy.  \ud83e\udd89<\/p>\n<h2 style=\"margin-top: 70px;\">Zaproszenie<\/h2>\n<p>Dzi\u015b zapraszam Ci\u0119 w podr\u00f3\u017c po \u015bwiecie natury, energii i \u015bwiadomo\u015bci. Mo\u017ce znajdziesz tu co\u015b, co Ci\u0119 zainspiruje, rozbawi albo pozwoli spojrze\u0107 inaczej na \u015bwiat.\ud83c\udf19<\/p>\n<hr \/>\n<p style=\"font-size: 0.9em; opacity: 0.7;\">\nTekst: \u00a9Zio\u0142owa Sowa by Ewa \u0141upicka\n<\/p>\n<p><\/p>\n<p style=\"font-size: 0.9em; opacity: 0.6; margin: 0;\"> Ostatnia aktualizacja: listopad 2025\n<\/p>\n<p style=\"font-size: 0.9em; opacity: 0.6; margin: 0;\">\n  Publikacje sygnowane pseudonimem <strong>Emma Sowa<\/strong> s\u0105 autorstwa Ewy \u0141upickiej.<\/p>\n","protected":false},"excerpt":{"rendered":"<p>Kim jestem Nazywam si\u0119 Ewa \u0141upicka za\u0142o\u017cycielka projektu Zio\u0142owa Sowa \u2014 przestrzeni dla tych, kt\u00f3rzy lubi\u0105 patrze\u0107 g\u0142\u0119biej. Nie mam tytu\u0142u naukowego, ale za to \u017cyciowy doktorat z ciekawo\u015bci i uporu \u2014 ju\u017c tak. To dzi\u0119ki temu nie przestaj\u0119 pyta\u0107, [&hellip;]<\/p>\n","protected":false},"author":1,"featured_media":0,"parent":0,"menu_order":0,"comment_status":"closed","ping_status":"closed","template":"","meta":{"footnotes":""},"class_list":["post-5943","page","type-page","status-publish","hentry"],"_links":{"self":[{"href":"https:\/\/www.ziolowasowa.pl\/index.php\/wp-json\/wp\/v2\/pages\/5943","targetHints":{"allow":["GET"]}}],"collection":[{"href":"https:\/\/www.ziolowasowa.pl\/index.php\/wp-json\/wp\/v2\/pages"}],"about":[{"href":"https:\/\/www.ziolowasowa.pl\/index.php\/wp-json\/wp\/v2\/types\/page"}],"author":[{"embeddable":true,"href":"https:\/\/www.ziolowasowa.pl\/index.php\/wp-json\/wp\/v2\/users\/1"}],"replies":[{"embeddable":true,"href":"https:\/\/www.ziolowasowa.pl\/index.php\/wp-json\/wp\/v2\/comments?post=5943"}],"version-history":[{"count":14,"href":"https:\/\/www.ziolowasowa.pl\/index.php\/wp-json\/wp\/v2\/pages\/5943\/revisions"}],"predecessor-version":[{"id":6021,"href":"https:\/\/www.ziolowasowa.pl\/index.php\/wp-json\/wp\/v2\/pages\/5943\/revisions\/6021"}],"wp:attachment":[{"href":"https:\/\/www.ziolowasowa.pl\/index.php\/wp-json\/wp\/v2\/media?parent=5943"}],"curies":[{"name":"wp","href":"https:\/\/api.w.org\/{rel}","templated":true}]}}