{"id":6454,"date":"2026-03-29T08:43:52","date_gmt":"2026-03-29T08:43:52","guid":{"rendered":"https:\/\/www.ziolowasowa.pl\/?page_id=6454"},"modified":"2026-04-24T14:35:07","modified_gmt":"2026-04-24T14:35:07","slug":"zywnosc-funkcjonalna","status":"publish","type":"page","link":"https:\/\/www.ziolowasowa.pl\/index.php\/zywnosc-funkcjonalna\/","title":{"rendered":"\u017bywno\u015b\u0107 funkcjonalna"},"content":{"rendered":"<div style=\"max-width:820px;\">\n<p style=\"margin:0 0 20px 0; line-height:1.75; color:#5f584e;\">\n    Ten dzia\u0142 porz\u0105dkuje podstawowe formy wsparcia oparte na \u017cywno\u015bci funkcjonalnej. Rdze\u0144 tej mapy tworz\u0105 trzy kierunki: od\u017cywianie, oczyszczanie i balansowanie organizmu.\n  <\/p>\n<h2 style=\"margin:34px 0 12px 0; color:#4f483f;\">Jak czyta\u0107 ten dzia\u0142<\/h2>\n<p style=\"margin:0 0 20px 0; line-height:1.75; color:#5f584e;\">\n    Najpierw znajdziesz wej\u015bcia przez kontekst, kt\u00f3re pomagaj\u0105 szybciej zobaczy\u0107, od czego zacz\u0105\u0107.<br \/>\n   Dalej produkty bazowe.  Na ko\u0144cu produkty kierunkowe.\n  <\/p>\n<div style=\"margin:0 0 22px 0; padding:18px 20px; border:1px solid #e3ddd3; border-radius:12px; background:#fbfaf8; cursor:pointer;\"\n     onclick=\"window.location.href='https:\/\/www.ziolowasowa.pl\/index.php\/jak-zaczac\/';\"\n     onmouseover=\"this.style.background='#f7f4ef'; this.style.borderColor='#d7cebf';\"\n     onmouseout=\"this.style.background='#fbfaf8'; this.style.borderColor='#e3ddd3';\"><\/p>\n<h2 style=\"margin:0 0 8px 0; color:#5a5248; font-size:24px; font-weight:500;\">\n    Je\u015bli nie wiesz, od czego zacz\u0105\u0107<br \/>\n  <\/h2>\n<p style=\"margin:0; line-height:1.7; color:#6a6257;\">\n    Wej\u015bcie przez potrzeb\u0119 lub problem. Pomaga szybko znale\u017a\u0107 najbli\u017cszy kierunek wsparcia.\n  <\/p>\n<\/div>\n<h2 style=\"margin:34px 0 12px 0; color:#4f483f;\">Produkty bazowe<\/h2>\n<div style=\"margin:0 0 14px 0; padding:18px 20px; border:1px solid #e3ddd3; border-radius:12px; background:#fbfaf8;\">\n<h3 style=\"margin:0 0 8px 0; color:#5a5248; font-size:22px; font-weight:500;\">\n      Nourish \u2014 od\u017cywia\u0107<br \/>\n    <\/h3>\n<p style=\"margin:0 0 14px 0; line-height:1.7; color:#6a6257;\">\n      Kierunek zwi\u0105zany z podstawowym od\u017cywieniem, odbudow\u0105 i dostarczaniem organizmowi bazowego paliwa.\n    <\/p>\n<div style=\"margin:0 0 10px 0; padding:14px 16px; border:1px solid #ece7de; border-radius:10px; background:#fcfbf9;\">\n<h4 style=\"margin:0 0 6px 0; color:#6a6257; font-size:18px; font-weight:500;\">NuPlus<\/h4>\n<p style=\"margin:0; line-height:1.65; color:#6a6257;\">\n        Bardziej bazowe paliwo i wsparcie od\u017cywcze.\n      <\/p>\n<\/p><\/div>\n<div style=\"margin:0; padding:14px 16px; border:1px solid #ece7de; border-radius:10px; background:#fcfbf9;\">\n<h4 style=\"margin:0 0 6px 0; color:#6a6257; font-size:18px; font-weight:500;\">VitaShake<\/h4>\n<p style=\"margin:0; line-height:1.65; color:#6a6257;\">\n        Pe\u0142niejsza od\u017cywka o szerszym sk\u0142adzie.\n      <\/p>\n<\/p><\/div><\/div>\n<div style=\"margin:0 0 14px 0; padding:18px 20px; border:1px solid #e3ddd3; border-radius:12px; background:#fbfaf8;\">\n<h3 style=\"margin:0 0 8px 0; color:#5a5248; font-size:22px; font-weight:500;\">\n      Cleanse \u2014 oczyszcza\u0107<br \/>\n    <\/h3>\n<p style=\"margin:0 0 14px 0; line-height:1.7; color:#6a6257;\">\n      Kierunek zwi\u0105zany z odci\u0105\u017caniem, oczyszczaniem i codziennym porz\u0105dkowaniem obci\u0105\u017ce\u0144.\n    <\/p>\n<div style=\"margin:0 0 10px 0; padding:14px 16px; border:1px solid #ece7de; border-radius:10px; background:#fcfbf9;\">\n<h4 style=\"margin:0 0 6px 0; color:#6a6257; font-size:18px; font-weight:500;\">Calli<\/h4>\n<p style=\"margin:0; line-height:1.65; color:#6a6257;\">\n        Produkt \u0142\u0105czony z oczyszczaniem, odci\u0105\u017caniem i sta\u0142ym codziennym wsparciem.\n      <\/p>\n<\/p><\/div>\n<div style=\"margin:0; padding:14px 16px; border:1px solid #ece7de; border-radius:10px; background:#fcfbf9;\">\n<h4 style=\"margin:0 0 6px 0; color:#6a6257; font-size:18px; font-weight:500;\">Fortune Delight<\/h4>\n<p style=\"margin:0; line-height:1.65; color:#6a6257;\">\n        Produkt \u0142\u0105cz\u0105cy oczyszczanie z nawodnieniem i l\u017cejszym wspieraniem organizmu.\n      <\/p>\n<\/p><\/div><\/div>\n<div style=\"margin:0 0 22px 0; padding:18px 20px; border:1px solid #e3ddd3; border-radius:12px; background:#fbfaf8;\">\n<h3 style=\"margin:0 0 8px 0; color:#5a5248; font-size:22px; font-weight:500;\">\n      Balance \u2014 balansowa\u0107<br \/>\n    <\/h3>\n<p style=\"margin:0 0 14px 0; line-height:1.7; color:#6a6257;\">\n      Kierunek zwi\u0105zany z r\u00f3wnowa\u017ceniem funkcji organizmu i wspieraniem szerszych uk\u0142ad\u00f3w wsp\u00f3\u0142pracuj\u0105cych ze sob\u0105 w logice TCM.\n    <\/p>\n<div style=\"margin:0 0 10px 0; padding:14px 16px; border:1px solid #ece7de; border-radius:10px; background:#fcfbf9;\">\n<h4 style=\"margin:0 0 6px 0; color:#6a6257; font-size:18px; font-weight:500;\">Quinary<\/h4>\n<p style=\"margin:0; line-height:1.65; color:#6a6257;\">\n        G\u0142\u00f3wne wej\u015bcie do obszaru balansowania.\n      <\/p>\n<\/p><\/div>\n<p style=\"margin:0 0 10px 0; line-height:1.7; color:#6a6257;\">\n      Pi\u0119\u0107 mieszanek Quinary porz\u0105dkuje wsparcie wok\u00f3\u0142 okre\u015blonych obszar\u00f3w funkcjonowania organizmu i ich wzajemnych powi\u0105za\u0144:\n    <\/p>\n<div style=\"margin:0 0 8px 0; padding:12px 14px; border:1px solid #ece7de; border-radius:10px; background:#fcfbf9;\">\n<h4 style=\"margin:0 0 4px 0; color:#6a6257; font-size:17px; font-weight:500;\">Assimilaid<\/h4>\n<p style=\"margin:0; line-height:1.6; color:#6a6257;\">Trawienie, przyswajanie i wydalanie.<\/p>\n<\/p><\/div>\n<div style=\"margin:0 0 8px 0; padding:12px 14px; border:1px solid #ece7de; border-radius:10px; background:#fcfbf9;\">\n<h4 style=\"margin:0 0 4px 0; color:#6a6257; font-size:17px; font-weight:500;\">Conco<\/h4>\n<p style=\"margin:0; line-height:1.6; color:#6a6257;\">P\u0142uca i jelito grube.<\/p>\n<\/p><\/div>\n<div style=\"margin:0 0 8px 0; padding:12px 14px; border:1px solid #ece7de; border-radius:10px; background:#fcfbf9;\">\n<h4 style=\"margin:0 0 4px 0; color:#6a6257; font-size:17px; font-weight:500;\">Alpha 20 C<\/h4>\n<p style=\"margin:0; line-height:1.6; color:#6a6257;\">W\u0105troba, odporno\u015b\u0107 i reaktywno\u015b\u0107 organizmu.<\/p>\n<\/p><\/div>\n<div style=\"margin:0 0 8px 0; padding:12px 14px; border:1px solid #ece7de; border-radius:10px; background:#fcfbf9;\">\n<h4 style=\"margin:0 0 4px 0; color:#6a6257; font-size:17px; font-weight:500;\">Lifestream<\/h4>\n<p style=\"margin:0; line-height:1.6; color:#6a6257;\">Kr\u0105\u017cenie, przep\u0142yw i codzienne podtrzymanie funkcji organizmu.<\/p>\n<\/p><\/div>\n<div style=\"margin:0; padding:12px 14px; border:1px solid #ece7de; border-radius:10px; background:#fcfbf9;\">\n<h4 style=\"margin:0 0 4px 0; color:#6a6257; font-size:17px; font-weight:500;\">Prime Again<\/h4>\n<p style=\"margin:0; line-height:1.6; color:#6a6257;\">Hormony, r\u00f3wnowaga i szersza regulacja organizmu.<\/p>\n<\/p><\/div><\/div>\n<h2 style=\"margin:34px 0 12px 0; color:#4f483f;\">Produkty kierunkowe<\/h2>\n<div style=\"margin:0 0 10px 0; padding:14px 16px; border:1px solid #ece7de; border-radius:10px; background:#fcfbf9;\">\n<h3 style=\"margin:0 0 6px 0; color:#6a6257; font-size:20px; font-weight:500;\">Uk\u0142ad nerwowy<\/h3>\n<p style=\"margin:0; line-height:1.65; color:#6a6257;\">\n      Linie zwi\u0105zane ze stresem, snem, wyciszeniem, koncentracj\u0105, prac\u0105 umys\u0142ow\u0105 oraz napi\u0119ciem, progiem b\u00f3lu i wydolno\u015bci\u0105 mi\u0119\u015bniowo-stawow\u0105.\n    <\/p>\n<\/p><\/div>\n<div style=\"margin:0 0 10px 0; padding:14px 16px; border:1px solid #ece7de; border-radius:10px; background:#fcfbf9;\">\n<h3 style=\"margin:0 0 6px 0; color:#6a6257; font-size:20px; font-weight:500;\">Sport i nawodnienie<\/h3>\n<p style=\"margin:0; line-height:1.65; color:#6a6257;\">\n      Linie zwi\u0105zane z wysi\u0142kiem, wydolno\u015bci\u0105, regeneracj\u0105 po treningu i nawodnieniem.\n    <\/p>\n<\/p><\/div>\n<div style=\"margin:0 0 10px 0; padding:14px 16px; border:1px solid #ece7de; border-radius:10px; background:#fcfbf9;\">\n<h3 style=\"margin:0 0 6px 0; color:#6a6257; font-size:20px; font-weight:500;\">Weight management<\/h3>\n<p style=\"margin:0; line-height:1.65; color:#6a6257;\">\n      Linie zwi\u0105zane z kontrol\u0105 masy cia\u0142a, apetytem, trawieniem i perystaltyk\u0105.\n    <\/p>\n<\/p><\/div><\/div>\n","protected":false},"excerpt":{"rendered":"<p>Ten dzia\u0142 porz\u0105dkuje podstawowe formy wsparcia oparte na \u017cywno\u015bci funkcjonalnej. Rdze\u0144 tej mapy tworz\u0105 trzy kierunki: od\u017cywianie, oczyszczanie i balansowanie organizmu. Jak czyta\u0107 ten dzia\u0142 Najpierw znajdziesz wej\u015bcia przez kontekst, kt\u00f3re pomagaj\u0105 szybciej zobaczy\u0107, od czego zacz\u0105\u0107. Dalej produkty bazowe. [&hellip;]<\/p>\n","protected":false},"author":1,"featured_media":0,"parent":0,"menu_order":0,"comment_status":"closed","ping_status":"closed","template":"","meta":{"footnotes":""},"class_list":["post-6454","page","type-page","status-publish","hentry"],"_links":{"self":[{"href":"https:\/\/www.ziolowasowa.pl\/index.php\/wp-json\/wp\/v2\/pages\/6454","targetHints":{"allow":["GET"]}}],"collection":[{"href":"https:\/\/www.ziolowasowa.pl\/index.php\/wp-json\/wp\/v2\/pages"}],"about":[{"href":"https:\/\/www.ziolowasowa.pl\/index.php\/wp-json\/wp\/v2\/types\/page"}],"author":[{"embeddable":true,"href":"https:\/\/www.ziolowasowa.pl\/index.php\/wp-json\/wp\/v2\/users\/1"}],"replies":[{"embeddable":true,"href":"https:\/\/www.ziolowasowa.pl\/index.php\/wp-json\/wp\/v2\/comments?post=6454"}],"version-history":[{"count":6,"href":"https:\/\/www.ziolowasowa.pl\/index.php\/wp-json\/wp\/v2\/pages\/6454\/revisions"}],"predecessor-version":[{"id":6758,"href":"https:\/\/www.ziolowasowa.pl\/index.php\/wp-json\/wp\/v2\/pages\/6454\/revisions\/6758"}],"wp:attachment":[{"href":"https:\/\/www.ziolowasowa.pl\/index.php\/wp-json\/wp\/v2\/media?parent=6454"}],"curies":[{"name":"wp","href":"https:\/\/api.w.org\/{rel}","templated":true}]}}