{"id":6631,"date":"2026-04-11T07:48:26","date_gmt":"2026-04-11T07:48:26","guid":{"rendered":"https:\/\/www.ziolowasowa.pl\/?page_id=6631"},"modified":"2026-04-24T12:19:03","modified_gmt":"2026-04-24T12:19:03","slug":"suplementy","status":"publish","type":"page","link":"https:\/\/www.ziolowasowa.pl\/index.php\/suplementy\/","title":{"rendered":"Suplementy"},"content":{"rendered":"<div style=\"max-width:820px;\">\n<p style=\"margin:0 0 14px 0; line-height:1.75; color:#5f584e;\">\n    Ten dzia\u0142 zbiera mieszanki kierunkowe, witaminy, minera\u0142y, bia\u0142ka i produkty specjalistyczne dobierane pod konkretny obszar funkcjonowania organizmu.\n  <\/p>\n<p style=\"margin:0 0 20px 0; line-height:1.75; color:#5f584e;\">\n    Ta strona prowadzi dalej do produkt\u00f3w dobieranych pod konkretn\u0105 potrzeb\u0119.\n  <\/p>\n<h2 style=\"margin:34px 0 12px 0; color:#4f483f;\">Jak czyta\u0107 ten dzia\u0142<\/h2>\n<p style=\"margin:0 0 20px 0; line-height:1.75; color:#5f584e;\">\n    Najpierw znajdziesz tu linie kierunkowe, czyli produkty uk\u0142adane wok\u00f3\u0142 konkretnych potrzeb. Dalej witaminy, minera\u0142y i bia\u0142ka.<br \/>\n    Potem sk\u00f3ra i uroda.\n  <\/p>\n<h2 style=\"margin:34px 0 12px 0; color:#4f483f;\">Linie kierunkowe<\/h2>\n<div style=\"margin:0 0 10px 0; padding:14px 16px; border:1px solid #ece7de; border-radius:10px; background:#fcfbf9; cursor:pointer;\"\n       onclick=\"window.location.href='https:\/\/www.ziolowasowa.pl\/index.php\/spokoj-sen-i-rownowaga\/';\"\n       onmouseover=\"this.style.background='#f7f4ef'; this.style.borderColor='#d7cebf';\"\n       onmouseout=\"this.style.background='#fcfbf9'; this.style.borderColor='#ece7de';\"><\/p>\n<h3 style=\"margin:0 0 6px 0; color:#6a6257; font-size:20px; font-weight:500;\">Uk\u0142ad nerwowy<\/h3>\n<p style=\"margin:0; line-height:1.65; color:#6a6257;\">\n      Produkty zwi\u0105zane ze stresem, snem, wyciszeniem, koncentracj\u0105, prac\u0105 umys\u0142ow\u0105 oraz napi\u0119ciem.\n    <\/p>\n<\/p><\/div>\n<div style=\"margin:0 0 10px 0; padding:14px 16px; border:1px solid #ece7de; border-radius:10px; background:#fcfbf9; cursor:pointer;\"\n       onclick=\"window.location.href='https:\/\/www.ziolowasowa.pl\/index.php\/vitalite\/';\"\n       onmouseover=\"this.style.background='#f7f4ef'; this.style.borderColor='#d7cebf';\"\n       onmouseout=\"this.style.background='#fcfbf9'; this.style.borderColor='#ece7de';\"><\/p>\n<h3 style=\"margin:0 0 6px 0; color:#6a6257; font-size:20px; font-weight:500;\">Weight management<\/h3>\n<p style=\"margin:0; line-height:1.65; color:#6a6257;\">\n      Kontrola masy cia\u0142a, apetyt na s\u0142odkie, trawienie, oczyszczanie i perystaltyka.\n    <\/p>\n<\/p><\/div>\n<div style=\"margin:0 0 22px 0; padding:14px 16px; border:1px solid #ece7de; border-radius:10px; background:#fcfbf9; cursor:pointer;\"\n       onclick=\"window.location.href='https:\/\/www.ziolowasowa.pl\/index.php\/sport-i-nawodnienie\/';\"\n       onmouseover=\"this.style.background='#f7f4ef'; this.style.borderColor='#d7cebf';\"\n       onmouseout=\"this.style.background='#fcfbf9'; this.style.borderColor='#ece7de';\"><\/p>\n<h3 style=\"margin:0 0 6px 0; color:#6a6257; font-size:20px; font-weight:500;\">Sport i nawodnienie<\/h3>\n<p style=\"margin:0; line-height:1.65; color:#6a6257;\">\n      Wsparcie przy wysi\u0142ku, wydolno\u015bci, masie mi\u0119\u015bniowej, regeneracji i nawodnieniu.\n    <\/p>\n<\/p><\/div>\n<h2 style=\"margin:34px 0 12px 0; color:#4f483f;\">Witaminy, minera\u0142y i bia\u0142ka<\/h2>\n<div style=\"margin:0 0 10px 0; padding:14px 16px; border:1px solid #ece7de; border-radius:10px; background:#fcfbf9;\">\n<h3 style=\"margin:0 0 6px 0; color:#6a6257; font-size:20px; font-weight:500;\">Witamina C z bioflawonoidami<\/h3>\n<p style=\"margin:0; line-height:1.65; color:#6a6257;\">\n      Klasyczne uzupe\u0142nianie witaminy C.\n    <\/p>\n<\/p><\/div>\n<div style=\"margin:0 0 10px 0; padding:14px 16px; border:1px solid #ece7de; border-radius:10px; background:#fcfbf9; cursor:pointer;\"\n       onclick=\"window.location.href='https:\/\/www.ziolowasowa.pl\/index.php\/witaminy-i-mineraly\/';\"\n       onmouseover=\"this.style.background='#f7f4ef'; this.style.borderColor='#d7cebf';\"\n       onmouseout=\"this.style.background='#fcfbf9'; this.style.borderColor='#ece7de';\"><\/p>\n<h3 style=\"margin:0 0 6px 0; color:#6a6257; font-size:20px; font-weight:500;\">Witaminy i minera\u0142y<\/h3>\n<p style=\"margin:0; line-height:1.65; color:#6a6257;\">\n      Witaminy, minera\u0142y i podstawowe uzupe\u0142nienie potrzeb organizmu.\n    <\/p>\n<\/p><\/div>\n<div style=\"margin:0 0 22px 0; padding:14px 16px; border:1px solid #ece7de; border-radius:10px; background:#fcfbf9;\">\n<h3 style=\"margin:0 0 6px 0; color:#6a6257; font-size:20px; font-weight:500;\">Proteiny ry\u017cowe<\/h3>\n<p style=\"margin:0; line-height:1.65; color:#6a6257;\">\n      Prostsze uzupe\u0142nienie bia\u0142ka.\n    <\/p>\n<\/p><\/div>\n<h2 style=\"margin:34px 0 12px 0; color:#4f483f;\">Sk\u00f3ra i uroda<\/h2>\n<div style=\"margin:0 0 22px 0; padding:14px 16px; border:1px solid #ece7de; border-radius:10px; background:#fcfbf9; cursor:pointer;\"\n       onclick=\"window.location.href='https:\/\/www.ziolowasowa.pl\/index.php\/skora-i-uroda\/';\"\n       onmouseover=\"this.style.background='#f7f4ef'; this.style.borderColor='#d7cebf';\"\n       onmouseout=\"this.style.background='#fcfbf9'; this.style.borderColor='#ece7de';\"><\/p>\n<h3 style=\"margin:0 0 6px 0; color:#6a6257; font-size:20px; font-weight:500;\">Beauty Pearl<\/h3>\n<p style=\"margin:0; line-height:1.65; color:#6a6257;\">\n      Formu\u0142a dla sk\u00f3ry, urody i kobiecej r\u00f3wnowagi.\n    <\/p>\n<\/p><\/div>\n<div style=\"margin:34px 0 0 0; padding:16px 18px; border:1px solid #e3ddd3; border-radius:12px; background:#fbfaf8; cursor:pointer;\"\n       onclick=\"window.location.href='https:\/\/www.ziolowasowa.pl\/index.php\/jak-zaczac\/';\"\n       onmouseover=\"this.style.background='#f7f4ef'; this.style.borderColor='#d7cebf';\"\n       onmouseout=\"this.style.background='#fbfaf8'; this.style.borderColor='#e3ddd3';\"><\/p>\n<p style=\"margin:0 0 6px 0; color:#5a5248; font-size:18px; font-weight:500;\">\n      Szukasz punktu wej\u015bcia przez potrzeb\u0119 organizmu?\n    <\/p>\n<p style=\"margin:0; line-height:1.7; color:#6a6257;\">\n      \u2192 Zobacz: Jak zacz\u0105\u0107\n    <\/p>\n<\/p><\/div>\n<h2 style=\"margin:34px 0 12px 0; color:#4f483f;\">Tematy powi\u0105zane<\/h2>\n<ul style=\"list-style:none; padding-left:0; margin:0;\">\n<li style=\"margin-bottom:6px;\">\n      <a href=\"https:\/\/www.ziolowasowa.pl\/index.php\/wsparcie-organizmu\/\"\n         style=\"display:flex; align-items:flex-start; text-decoration:none; color:#7f776b; font-weight:400;\"\n         onmouseover=\"this.style.color='#5f584e'; this.querySelector('.kolko1').style.borderColor='#a79d8f';\"\n         onmouseout=\"this.style.color='#7f776b'; this.querySelector('.kolko1').style.borderColor='#cfc6b8';\"><br \/>\n        <span class=\"kolko1\" style=\"width:9px; height:9px; background:transparent; border:1px solid #cfc6b8; border-radius:50%; margin-right:8px; flex-shrink:0; display:inline-block; margin-top:5px;\"><\/span><br \/>\n        <span>Wsparcie organizmu<\/span><br \/>\n      <\/a>\n    <\/li>\n<li style=\"margin-bottom:6px;\">\n      <a href=\"https:\/\/www.ziolowasowa.pl\/index.php\/zywnosc-funkcjonalna\/\"\n         style=\"display:flex; align-items:flex-start; text-decoration:none; color:#7f776b; font-weight:400;\"\n         onmouseover=\"this.style.color='#5f584e'; this.querySelector('.kolko2').style.borderColor='#a79d8f';\"\n         onmouseout=\"this.style.color='#7f776b'; this.querySelector('.kolko2').style.borderColor='#cfc6b8';\"><br \/>\n        <span class=\"kolko2\" style=\"width:9px; height:9px; background:transparent; border:1px solid #cfc6b8; border-radius:50%; margin-right:8px; flex-shrink:0; display:inline-block; margin-top:5px;\"><\/span><br \/>\n        <span>\u017bywno\u015b\u0107 funkcjonalna<\/span><br \/>\n      <\/a>\n    <\/li>\n<li style=\"display:flex; align-items:flex-start; margin-bottom:6px;\">\n      <span class=\"kolko3\" style=\"width:9px; height:9px; background:transparent; border:1px solid #cfc6b8; border-radius:50%; margin-right:8px; flex-shrink:0; display:inline-block; margin-top:5px;\"><\/span><br \/>\n      <span style=\"color:#8b8478;\">MCAS i histamina \u2014 w przygotowaniu<\/span>\n    <\/li>\n<li style=\"display:flex; align-items:flex-start; margin-bottom:6px;\">\n      <span class=\"kolko4\" style=\"width:9px; height:9px; background:transparent; border:1px solid #cfc6b8; border-radius:50%; margin-right:8px; flex-shrink:0; display:inline-block; margin-top:5px;\"><\/span><br \/>\n      <span style=\"color:#8b8478;\">Filozofia Sunrider \u2014 w przygotowaniu<\/span>\n    <\/li>\n<li style=\"display:flex; align-items:flex-start; margin-bottom:0;\">\n      <span class=\"kolko5\" style=\"width:9px; height:9px; background:transparent; border:1px solid #cfc6b8; border-radius:50%; margin-right:8px; flex-shrink:0; display:inline-block; margin-top:5px;\"><\/span><br \/>\n      <span style=\"color:#8b8478;\">Regeneracja organizmu \u2014 w przygotowaniu<\/span>\n    <\/li>\n<\/ul>\n<\/div>\n","protected":false},"excerpt":{"rendered":"<p>Ten dzia\u0142 zbiera mieszanki kierunkowe, witaminy, minera\u0142y, bia\u0142ka i produkty specjalistyczne dobierane pod konkretny obszar funkcjonowania organizmu. Ta strona prowadzi dalej do produkt\u00f3w dobieranych pod konkretn\u0105 potrzeb\u0119. Jak czyta\u0107 ten dzia\u0142 Najpierw znajdziesz tu linie kierunkowe, czyli produkty uk\u0142adane wok\u00f3\u0142 [&hellip;]<\/p>\n","protected":false},"author":1,"featured_media":0,"parent":0,"menu_order":0,"comment_status":"closed","ping_status":"closed","template":"","meta":{"footnotes":""},"class_list":["post-6631","page","type-page","status-publish","hentry"],"_links":{"self":[{"href":"https:\/\/www.ziolowasowa.pl\/index.php\/wp-json\/wp\/v2\/pages\/6631","targetHints":{"allow":["GET"]}}],"collection":[{"href":"https:\/\/www.ziolowasowa.pl\/index.php\/wp-json\/wp\/v2\/pages"}],"about":[{"href":"https:\/\/www.ziolowasowa.pl\/index.php\/wp-json\/wp\/v2\/types\/page"}],"author":[{"embeddable":true,"href":"https:\/\/www.ziolowasowa.pl\/index.php\/wp-json\/wp\/v2\/users\/1"}],"replies":[{"embeddable":true,"href":"https:\/\/www.ziolowasowa.pl\/index.php\/wp-json\/wp\/v2\/comments?post=6631"}],"version-history":[{"count":3,"href":"https:\/\/www.ziolowasowa.pl\/index.php\/wp-json\/wp\/v2\/pages\/6631\/revisions"}],"predecessor-version":[{"id":6756,"href":"https:\/\/www.ziolowasowa.pl\/index.php\/wp-json\/wp\/v2\/pages\/6631\/revisions\/6756"}],"wp:attachment":[{"href":"https:\/\/www.ziolowasowa.pl\/index.php\/wp-json\/wp\/v2\/media?parent=6631"}],"curies":[{"name":"wp","href":"https:\/\/api.w.org\/{rel}","templated":true}]}}